{"id":16437,"date":"2026-01-31T10:53:43","date_gmt":"2026-01-31T10:53:43","guid":{"rendered":"https:\/\/holyship-eg.com\/?page_id=16437"},"modified":"2026-02-01T11:33:22","modified_gmt":"2026-02-01T11:33:22","slug":"add-your-business","status":"publish","type":"page","link":"https:\/\/holyship-eg.com\/ar\/add-your-business\/","title":{"rendered":"\u0623\u0636\u0641 \u0646\u0634\u0627\u0637\u0643 \u0627\u0644\u062a\u062c\u0627\u0631\u064a"},"content":{"rendered":"<div data-elementor-type=\"wp-page\" data-elementor-id=\"16437\" class=\"elementor elementor-16437\" data-elementor-post-type=\"page\">\n\t\t\t\t<div class=\"elementor-element elementor-element-1fe95a8 e-flex e-con-boxed e-con e-parent\" data-id=\"1fe95a8\" data-element_type=\"container\" data-e-type=\"container\">\t\t\t<div class=\"e-con-inner\">\r\n\t\t<div class=\"elementor-element elementor-element-4c8c1e2 e-con-full e-flex e-con e-child\" data-id=\"4c8c1e2\" data-element_type=\"container\" data-e-type=\"container\">\t\t<div class=\"elementor-element elementor-element-8b2e6cd elementor-widget elementor-widget-shortcode\" data-id=\"8b2e6cd\" data-element_type=\"widget\" data-e-type=\"widget\" data-widget_type=\"shortcode.default\">\n\t\t\t\t\t\t\t<div class=\"elementor-shortcode\">\n<div class=\"wpcf7 no-js\" id=\"wpcf7-f16436-o1\" lang=\"en-US\" dir=\"ltr\" data-wpcf7-id=\"16436\">\n<div class=\"screen-reader-response\"><p role=\"status\" aria-live=\"polite\" aria-atomic=\"true\"><\/p> <ul><\/ul><\/div>\n<form action=\"\/ar\/wp-json\/wp\/v2\/pages\/16437#wpcf7-f16436-o1\" method=\"post\" class=\"wpcf7-form init\" aria-label=\"Contact form\" novalidate=\"novalidate\" data-status=\"init\" data-trp-original-action=\"\/ar\/wp-json\/wp\/v2\/pages\/16437#wpcf7-f16436-o1\">\n<fieldset class=\"hidden-fields-container\"><input type=\"hidden\" name=\"_wpcf7\" value=\"16436\" \/><input type=\"hidden\" name=\"_wpcf7_version\" value=\"6.1.4\" \/><input type=\"hidden\" name=\"_wpcf7_locale\" value=\"en_US\" \/><input type=\"hidden\" name=\"_wpcf7_unit_tag\" value=\"wpcf7-f16436-o1\" \/><input type=\"hidden\" name=\"_wpcf7_container_post\" value=\"0\" \/><input type=\"hidden\" name=\"_wpcf7_posted_data_hash\" value=\"\" \/>\n<\/fieldset>\n<style>.uacf7-prev, .uacf7-next, .wpcf7-submit{padding-top:px !important; padding-bottom:px !important; padding-left:px !important;  padding-right:px !important;}  <\/style>\t\t\t\t\t<div class=\"uacf7-steps steps-form\" style=\"display:none\">\n\t\t\t\t\t\t<div class=\"steps-row setup-panel\">\n\t\t\t\t\t\t\t\t\t\t\t\t\t\t\t<div class=\"steps-step\">\n\t\t\t\t\t\t\t\t\t<a title-id=\".step-1\"\n\t\t\t\t\t\t\t\t\t\tdata-form-id=\"16436\"\n\t\t\t\t\t\t\t\t\t\thref=\"#16436step-1\"\n\t\t\t\t\t\t\t\t\t\ttype=\"button\">\n\t\t\t\t\t\t\t\t\t<\/a>\n\t\t\t\t\t\t\t\t<\/div>\n\t\t\t\t\t\t\t\t\t\t\t\t\t\t\t\t<div class=\"steps-step\">\n\t\t\t\t\t\t\t\t\t<a title-id=\".step-2\"\n\t\t\t\t\t\t\t\t\t\tdata-form-id=\"16436\"\n\t\t\t\t\t\t\t\t\t\thref=\"#16436step-2\"\n\t\t\t\t\t\t\t\t\t\ttype=\"button\">\n\t\t\t\t\t\t\t\t\t<\/a>\n\t\t\t\t\t\t\t\t<\/div>\n\t\t\t\t\t\t\t\t\t\t\t\t\t\t\t\t<div class=\"steps-step\">\n\t\t\t\t\t\t\t\t\t<a title-id=\".step-3\"\n\t\t\t\t\t\t\t\t\t\tdata-form-id=\"16436\"\n\t\t\t\t\t\t\t\t\t\thref=\"#16436step-3\"\n\t\t\t\t\t\t\t\t\t\ttype=\"button\">\n\t\t\t\t\t\t\t\t\t<\/a>\n\t\t\t\t\t\t\t\t<\/div>\n\t\t\t\t\t\t\t\t\t\t\t\t\t\t<\/div>\n\t\t\t\t\t<\/div>\n\t\t\t\t\n\t\t\t\t\t\t\t\t<div class=\"uacf7-multisetp-form\">\n\t\t\t\t\t<div class=\"uacf7-form-wrapper-container uacf7-form-16436\"><div id=\"uacf7-form-wrapper\" class=\"uacf7-wrapper-default\">\n\n\t\t<div class=\"uacf7-step uacf7-step-16436 step-content\"\n\t\t\tnext-btn-text=\"\" prev-btn-text=\"Previous\">\n\t\t\t\n<div class=\"ship-form ship-form--step\">\n\n  <h2 class=\"ship-title\">\u0627\u0628\u062f\u0623 \u0627\u0644\u0634\u062d\u0646 \u0627\u0644\u0622\u0646<\/h2>\n  <p class=\"ship-sub\">\n    \u0647\u0644 \u0644\u062f\u064a\u0643 \u062d\u0633\u0627\u0628 \u0628\u0627\u0644\u0641\u0639\u0644\u061f \n    <a href=\"https:\/\/system-att.holyship-eg.com\/auth\" class=\"ship-link\">\u062a\u0633\u062c\u064a\u0644 \u0627\u0644\u062f\u062e\u0648\u0644<\/a>\n  <\/p>\n\n  <h3 class=\"ship-section-title\">\u062d\u062f\u062f \u062d\u062c\u0645 \u0627\u0644\u0634\u062d\u0646\u0629 \u0627\u0644\u0634\u0647\u0631\u064a\u0629<\/h3>\n  <span class=\"wpcf7-form-control-wrap\" data-name=\"num-of-shipment\"><span class=\"wpcf7-form-control wpcf7-radio radio-card\"><span class=\"wpcf7-list-item first\"><label><input type=\"radio\" name=\"num-of-shipment\" value=\"Less than 100 shipments per month\" \/><span class=\"wpcf7-list-item-label\">\u0623\u0642\u0644 \u0645\u0646 100 \u0634\u062d\u0646\u0629 \u0641\u064a \u0627\u0644\u0634\u0647\u0631<\/span><\/label><\/span><span class=\"wpcf7-list-item\"><label><input type=\"radio\" name=\"num-of-shipment\" value=\"From 100 to 400 shipments per month\" \/><span class=\"wpcf7-list-item-label\">\u0645\u0646 100 \u0625\u0644\u0649 400 \u0634\u062d\u0646\u0629 \u0634\u0647\u0631\u064a\u064b\u0627<\/span><\/label><\/span><span class=\"wpcf7-list-item last\"><label><input type=\"radio\" name=\"num-of-shipment\" value=\"More than 400 shipments per month\" \/><span class=\"wpcf7-list-item-label\">\u0623\u0643\u062b\u0631 \u0645\u0646 400 \u0634\u062d\u0646\u0629 \u0634\u0647\u0631\u064a\u064b\u0627<\/span><\/label><\/span><\/span><\/span>\n\n<\/div>\n\t\t\t<p class=\"uacf7-buttons\">\n\t\t\t\t<button class=\"uacf7-prev\"\n\t\t\t\t\tdata-form-id=\"16436\">Previous<\/button>\n\t\t\t\t<button class=\"uacf7-next\"\n\t\t\t\t\tdata-form-id=\"16436\">Next<\/button>\n\t\t\t\t<span class=\"wpcf7-spinner uacf7-ajax-loader\"><\/span>\n\t\t\t<\/p>\n\t\t<\/div>\n\t\t\n\n\n\t\t<div class=\"uacf7-step uacf7-step-16436 step-content\"\n\t\t\tnext-btn-text=\"\" prev-btn-text=\"\">\n\t\t\t\n<div class=\"ship-form ship-form--step\">\n\n  <h3 class=\"ship-section-title\">\u0627\u062e\u062a\u0631 \u0646\u0648\u0639 \u0627\u0644\u062e\u062f\u0645\u0629 \u0627\u0644\u062a\u064a \u062a\u062d\u062a\u0627\u062c\u0647\u0627<\/h3>\n  <span class=\"wpcf7-form-control-wrap\" data-name=\"service-type\"><span class=\"wpcf7-form-control wpcf7-radio radio-card two-cards\"><span class=\"wpcf7-list-item first\"><label><input type=\"radio\" name=\"service-type\" value=\"Storage &amp; Shipping\" \/><span class=\"wpcf7-list-item-label\">\u0627\u0644\u062a\u062e\u0632\u064a\u0646 \u0648\u0627\u0644\u0634\u062d\u0646<\/span><\/label><\/span><span class=\"wpcf7-list-item last\"><label><input type=\"radio\" name=\"service-type\" value=\"Shipping Only\" \/><span class=\"wpcf7-list-item-label\">\u0627\u0644\u0634\u062d\u0646 \u0641\u0642\u0637<\/span><\/label><\/span><\/span><\/span>\n\n  <div class=\"grid-2\">\n    <label class=\"field\">\n      <span class=\"field-label\">\u0627\u0644\u0627\u0633\u0645 \u0627\u0644\u0643\u0627\u0645\u0644<\/span>\n      <span class=\"wpcf7-form-control-wrap\" data-name=\"full-name\"><input size=\"40\" maxlength=\"400\" class=\"wpcf7-form-control wpcf7-text input\" aria-invalid=\"false\" placeholder=\"\u0639\u0644\u0649 \u0633\u0628\u064a\u0644 \u0627\u0644\u0645\u062b\u0627\u0644 \u062c\u0648\u0646 \u0633\u0645\u064a\u062b\" value=\"\" type=\"text\" name=\"full-name\" \/><\/span>\n    <\/label>\n\n    <label class=\"field\">\n      <span class=\"field-label\">\u0627\u0633\u0645 \u0627\u0644\u0634\u0631\u0643\u0629<\/span>\n      <span class=\"wpcf7-form-control-wrap\" data-name=\"company-name\"><input size=\"40\" maxlength=\"400\" class=\"wpcf7-form-control wpcf7-text input\" aria-invalid=\"false\" placeholder=\"\u0627\u0644\u0634\u0631\u0643\u0629 \/ \u0627\u0644\u0639\u0644\u0627\u0645\u0629 \u0627\u0644\u062a\u062c\u0627\u0631\u064a\u0629\" value=\"\" type=\"text\" name=\"company-name\" \/><\/span>\n    <\/label>\n  <\/div>\n\n  <label class=\"field\">\n    <span class=\"field-label\">\u0627\u0644\u0645\u0648\u0642\u0639 \u0627\u0644\u0625\u0644\u0643\u062a\u0631\u0648\u0646\u064a \u0644\u0644\u0634\u0631\u0643\u0629<\/span>\n    <span class=\"wpcf7-form-control-wrap\" data-name=\"company-link\"><input size=\"40\" maxlength=\"400\" class=\"wpcf7-form-control wpcf7-url wpcf7-text wpcf7-validates-as-url input\" aria-invalid=\"false\" placeholder=\"\u0631\u0627\u0628\u0637 \u0627\u0644\u0645\u0648\u0642\u0639 \u0627\u0644\u0625\u0644\u0643\u062a\u0631\u0648\u0646\u064a \u0623\u0648 \u0648\u0633\u0627\u0626\u0644 \u0627\u0644\u062a\u0648\u0627\u0635\u0644 \u0627\u0644\u0627\u062c\u062a\u0645\u0627\u0639\u064a\" value=\"\" type=\"url\" name=\"company-link\" \/><\/span>\n  <\/label>\n\n  <label class=\"field\">\n    <span class=\"field-label\">\u0631\u0642\u0645 \u0627\u0644\u0647\u0627\u062a\u0641<\/span>\n    <span class=\"wpcf7-form-control-wrap\" data-name=\"phone\"><input size=\"40\" maxlength=\"400\" class=\"wpcf7-form-control wpcf7-tel wpcf7-text wpcf7-validates-as-tel input\" aria-invalid=\"false\" placeholder=\"+20\u00d7\u00d7\u00d7\u00d7\u00d7\u00d7\u00d7\u00d7\u00d7\u00d7\" value=\"\" type=\"tel\" name=\"phone\" \/><\/span>\n  <\/label>\n\n  <label class=\"field\">\n    <span class=\"field-label\">\u0639\u0646\u0648\u0627\u0646 \u0627\u0644\u0628\u0631\u064a\u062f \u0627\u0644\u0625\u0644\u0643\u062a\u0631\u0648\u0646\u064a<\/span>\n    <span class=\"wpcf7-form-control-wrap\" data-name=\"email\"><input size=\"40\" maxlength=\"400\" class=\"wpcf7-form-control wpcf7-email wpcf7-text wpcf7-validates-as-email input\" aria-invalid=\"false\" placeholder=\"you@company.com\" value=\"\" type=\"email\" name=\"email\" \/><\/span>\n  <\/label>\n\n  <p class=\"terms\">\n    \u0645\u0646 \u062e\u0644\u0627\u0644 \u0627\u0644\u0645\u062a\u0627\u0628\u0639\u0629\u060c \u0641\u0625\u0646\u0643 \u062a\u0648\u0627\u0641\u0642 \u0639\u0644\u0649 \n    <a href=\"#\" class=\"ship-link\">\u0627\u0644\u0634\u0631\u0648\u0637 \u0648\u0627\u0644\u0623\u062d\u0643\u0627\u0645<\/a>\n  <\/p>\n\n<\/div>\n\t\t\t<p class=\"uacf7-buttons\">\n\t\t\t\t<button class=\"uacf7-prev\"\n\t\t\t\t\tdata-form-id=\"16436\">Previous<\/button>\n\t\t\t\t<button class=\"uacf7-next\"\n\t\t\t\t\tdata-form-id=\"16436\">Next<\/button>\n\t\t\t\t<span class=\"wpcf7-spinner uacf7-ajax-loader\"><\/span>\n\t\t\t<\/p>\n\t\t<\/div>\n\t\t\n\n\n\t\t<div class=\"uacf7-step uacf7-step-16436 step-content\"\n\t\t\tnext-btn-text=\"Next\" prev-btn-text=\"\">\n\t\t\t\n<div class=\"ship-form ship-form--step\">\n\n  <label class=\"field\">\n    <span class=\"field-label\">\u0645\u0644\u0627\u062d\u0638\u0627\u062a \u0625\u0636\u0627\u0641\u064a\u0629 (\u0627\u062e\u062a\u064a\u0627\u0631\u064a)<\/span>\n    <span class=\"wpcf7-form-control-wrap\" data-name=\"notes\"><textarea cols=\"40\" rows=\"4\" maxlength=\"2000\" class=\"wpcf7-form-control wpcf7-textarea input\" aria-invalid=\"false\" placeholder=\"\u0627\u0643\u062a\u0628 \u0623\u064a \u062a\u0641\u0627\u0635\u064a\u0644 \u0642\u062f \u062a\u0633\u0627\u0639\u062f\u0646\u0627 \u0641\u064a...\" name=\"notes\"><\/textarea><\/span>\n  <\/label>\n\n  <input class=\"wpcf7-form-control wpcf7-submit has-spinner btn-primary\" type=\"submit\" value=\"\u0627\u0628\u062f\u0623 \u0627\u0644\u0634\u062d\u0646 \u0627\u0644\u0622\u0646\" \/>\n\n<\/div>\n\t\t\t<p class=\"uacf7-buttons\">\n\t\t\t\t<button class=\"uacf7-prev\"\n\t\t\t\t\tdata-form-id=\"16436\">Previous<\/button>\n\t\t\t\t<button class=\"uacf7-next\"\n\t\t\t\t\tdata-form-id=\"16436\">Next<\/button>\n\t\t\t\t<span class=\"wpcf7-spinner uacf7-ajax-loader\"><\/span>\n\t\t\t<\/p>\n\t\t<\/div>\n\t\t\n\n<\/div><\/div>\t\t\t\t<\/div>\n\t\t\t\t<div class=\"wpcf7-response-output\" aria-hidden=\"true\"><\/div>\n<input type=\"hidden\" name=\"trp-form-language\" value=\"ar\"\/><\/form>\n<\/div>\n<\/div>\n\t\t\t\t\t\t<\/div>\n\t\t\t\t<\/div>\r\n\t\t<div class=\"elementor-element elementor-element-bfec371 e-con-full e-flex e-con e-child\" data-id=\"bfec371\" data-element_type=\"container\" data-e-type=\"container\">\t\t<div class=\"elementor-element elementor-element-d6b8a7c elementor-widget elementor-widget-theme-site-logo elementor-widget-image\" data-id=\"d6b8a7c\" data-element_type=\"widget\" data-e-type=\"widget\" data-widget_type=\"theme-site-logo.default\">\n\t\t\t\t\t<style>.elementor-element-d6b8a7c{display:none !important}<\/style>\t\t\t\t<\/div>\n\t\t\t\t<div class=\"elementor-element elementor-element-71a3257 elementor-widget elementor-widget-theme-site-logo elementor-widget-image\" data-id=\"71a3257\" data-element_type=\"widget\" data-e-type=\"widget\" data-widget_type=\"theme-site-logo.default\">\n\t\t\t\t\t\t\t\t\t\t\t<a href=\"https:\/\/holyship-eg.com\/ar\">\n\t\t\t<img fetchpriority=\"high\" decoding=\"async\" width=\"1176\" height=\"851\" src=\"https:\/\/holyship-eg.com\/wp-content\/uploads\/2024\/12\/hs-logo-transparent.png\" class=\"attachment-full size-full wp-image-15495\" alt=\"\" srcset=\"https:\/\/holyship-eg.com\/wp-content\/uploads\/2024\/12\/hs-logo-transparent.png 1176w, https:\/\/holyship-eg.com\/wp-content\/uploads\/2024\/12\/hs-logo-transparent-300x217.png 300w, https:\/\/holyship-eg.com\/wp-content\/uploads\/2024\/12\/hs-logo-transparent-1024x741.png 1024w, https:\/\/holyship-eg.com\/wp-content\/uploads\/2024\/12\/hs-logo-transparent-768x556.png 768w, https:\/\/holyship-eg.com\/wp-content\/uploads\/2024\/12\/hs-logo-transparent-981x710.png 981w\" sizes=\"(max-width: 1176px) 100vw, 1176px\" loading=\"eager\" \/>\t\t\t\t<\/a>\n\t\t\t\t\t\t\t\t\t\t\t<\/div>\n\t\t\t\t<div class=\"elementor-element elementor-element-a34e197 elementor-widget elementor-widget-heading\" data-id=\"a34e197\" data-element_type=\"widget\" data-e-type=\"widget\" data-widget_type=\"heading.default\">\n\t\t\t\t\t<h2 class=\"elementor-heading-title elementor-size-default\">\u0646\u0642\u0648\u0645 \u0628\u0627\u0644\u0634\u062d\u0646 \u0625\u0644\u0649 \u0623\u0643\u062b\u0631 \u0645\u0646 1,000 \u0634\u0631\u0643\u0629 \u064a\u0648\u0645\u064a\u0627\u064b.<\/h2>\t\t\t\t<\/div>\n\t\t\t\t<div class=\"elementor-element elementor-element-2bfbfcc elementor-align-end elementor-icon-list--layout-traditional elementor-list-item-link-full_width elementor-widget elementor-widget-icon-list\" data-id=\"2bfbfcc\" data-element_type=\"widget\" data-e-type=\"widget\" data-widget_type=\"icon-list.default\">\n\t\t\t\t\t\t\t<ul class=\"elementor-icon-list-items\">\n\t\t\t\t\t\t\t<li class=\"elementor-icon-list-item\">\n\t\t\t\t\t\t\t\t\t\t\t<span class=\"elementor-icon-list-icon\">\n\t\t\t\t\t\t\t<i aria-hidden=\"true\" class=\"fas fa-check\"><\/i>\t\t\t\t\t\t<\/span>\n\t\t\t\t\t\t\t\t\t\t<span class=\"elementor-icon-list-text\">\u0627\u0644\u062a\u0648\u0635\u064a\u0644 \u0641\u064a \u0627\u0644\u064a\u0648\u0645 \u0627\u0644\u062a\u0627\u0644\u064a<\/span>\n\t\t\t\t\t\t\t\t\t<\/li>\n\t\t\t\t\t\t\t\t<li class=\"elementor-icon-list-item\">\n\t\t\t\t\t\t\t\t\t\t\t<span class=\"elementor-icon-list-icon\">\n\t\t\t\t\t\t\t<i aria-hidden=\"true\" class=\"fas fa-check\"><\/i>\t\t\t\t\t\t<\/span>\n\t\t\t\t\t\t\t\t\t\t<span class=\"elementor-icon-list-text\">\u0627\u0644\u062a\u062d\u0648\u064a\u0644\u0627\u062a \u0627\u0644\u0646\u0642\u062f\u064a\u0629 \u0627\u0644\u064a\u0648\u0645\u064a\u0629<\/span>\n\t\t\t\t\t\t\t\t\t<\/li>\n\t\t\t\t\t\t\t\t<li class=\"elementor-icon-list-item\">\n\t\t\t\t\t\t\t\t\t\t\t<span class=\"elementor-icon-list-icon\">\n\t\t\t\t\t\t\t<i aria-hidden=\"true\" class=\"fas fa-check\"><\/i>\t\t\t\t\t\t<\/span>\n\t\t\t\t\t\t\t\t\t\t<span class=\"elementor-icon-list-text\">\u062a\u0637\u0628\u064a\u0642 \u0645\u0639\u0643 \u0641\u064a \u0623\u064a \u0648\u0642\u062a<\/span>\n\t\t\t\t\t\t\t\t\t<\/li>\n\t\t\t\t\t\t<\/ul>\n\t\t\t\t\t\t<\/div>\n\t\t\t\t<\/div>\r\n\t\t\t\t\t<\/div>\r\n\t\t\t\t<\/div>\r\n\t\t\t\t<\/div>","protected":false},"excerpt":{"rendered":"<p>We ship to over 1,000 companies daily. Next day delivery Daily cash transfers An app with you anytime<\/p>","protected":false},"author":1,"featured_media":0,"parent":0,"menu_order":0,"comment_status":"closed","ping_status":"closed","template":"","meta":{"footnotes":""},"class_list":["post-16437","page","type-page","status-publish","hentry"],"ams_acf":[],"_links":{"self":[{"href":"https:\/\/holyship-eg.com\/ar\/wp-json\/wp\/v2\/pages\/16437","targetHints":{"allow":["GET"]}}],"collection":[{"href":"https:\/\/holyship-eg.com\/ar\/wp-json\/wp\/v2\/pages"}],"about":[{"href":"https:\/\/holyship-eg.com\/ar\/wp-json\/wp\/v2\/types\/page"}],"author":[{"embeddable":true,"href":"https:\/\/holyship-eg.com\/ar\/wp-json\/wp\/v2\/users\/1"}],"replies":[{"embeddable":true,"href":"https:\/\/holyship-eg.com\/ar\/wp-json\/wp\/v2\/comments?post=16437"}],"version-history":[{"count":73,"href":"https:\/\/holyship-eg.com\/ar\/wp-json\/wp\/v2\/pages\/16437\/revisions"}],"predecessor-version":[{"id":16518,"href":"https:\/\/holyship-eg.com\/ar\/wp-json\/wp\/v2\/pages\/16437\/revisions\/16518"}],"wp:attachment":[{"href":"https:\/\/holyship-eg.com\/ar\/wp-json\/wp\/v2\/media?parent=16437"}],"curies":[{"name":"\u062f\u0628\u0644\u064a\u0648 \u0628\u064a","href":"https:\/\/api.w.org\/{rel}","templated":true}]}}